{"id":47,"date":"2023-11-18T16:52:33","date_gmt":"2023-11-18T15:52:33","guid":{"rendered":"https:\/\/katiakussy.com\/?page_id=47"},"modified":"2024-12-09T15:16:16","modified_gmt":"2024-12-09T14:16:16","slug":"contact","status":"publish","type":"page","link":"https:\/\/katiakussy.com\/index.php\/contact\/","title":{"rendered":"Contact"},"content":{"rendered":"\n<div class=\"wp-block-columns is-layout-flex wp-container-core-columns-is-layout-9d6595d7 wp-block-columns-is-layout-flex\">\n<div class=\"wp-block-column is-layout-flow wp-block-column-is-layout-flow\">\n<p><strong>Adresse :<\/strong><br>Cabinet au 8 rue de Janicu<br>69530 Brignais<br>06.73.63.99.58<\/p>\n\n\n\n<p><\/p>\n\n\n\n<p><\/p>\n\n\n\n<p><\/p>\n<\/div>\n\n\n\n<div class=\"wp-block-column is-layout-flow wp-block-column-is-layout-flow\">\n<p><strong>Horaires :<\/strong><br>Lundi : 14h-18h<br>Mardi : 10h-18h<br>Jeudi : 10h-18h<br>Vendredi : 10h-18h<\/p>\n\n\n\n<p>Flexibilit\u00e9 des horaires pour les consultations en ligne<\/p>\n<\/div>\n<\/div>\n\n\n\n<blockquote class=\"wp-block-quote is-layout-flow wp-block-quote-is-layout-flow\">\n<p>N&rsquo;h\u00e9sitez pas \u00e0 m&rsquo;\u00e9crire pour me pr\u00e9senter votre situation et votre attente, je prendrai rapidement contact avec vous.<\/p>\n<cite>Katia Kussy<\/cite><\/blockquote>\n\n\n<style id=\"wpforms-css-vars-root\">\n\t\t\t\t:root {\n\t\t\t\t\t--wpforms-field-border-radius: 3px;\n--wpforms-field-border-style: solid;\n--wpforms-field-border-size: 1px;\n--wpforms-field-background-color: #ffffff;\n--wpforms-field-border-color: rgba( 0, 0, 0, 0.25 );\n--wpforms-field-border-color-spare: rgba( 0, 0, 0, 0.25 );\n--wpforms-field-text-color: rgba( 0, 0, 0, 0.7 );\n--wpforms-field-menu-color: #ffffff;\n--wpforms-label-color: rgba( 0, 0, 0, 0.85 );\n--wpforms-label-sublabel-color: rgba( 0, 0, 0, 0.55 );\n--wpforms-label-error-color: #d63637;\n--wpforms-button-border-radius: 3px;\n--wpforms-button-border-style: none;\n--wpforms-button-border-size: 1px;\n--wpforms-button-background-color: #066aab;\n--wpforms-button-border-color: #066aab;\n--wpforms-button-text-color: #ffffff;\n--wpforms-page-break-color: #066aab;\n--wpforms-background-image: none;\n--wpforms-background-position: center center;\n--wpforms-background-repeat: no-repeat;\n--wpforms-background-size: cover;\n--wpforms-background-width: 100px;\n--wpforms-background-height: 100px;\n--wpforms-background-color: rgba( 0, 0, 0, 0 );\n--wpforms-background-url: none;\n--wpforms-container-padding: 0px;\n--wpforms-container-border-style: none;\n--wpforms-container-border-width: 1px;\n--wpforms-container-border-color: #000000;\n--wpforms-container-border-radius: 3px;\n--wpforms-field-size-input-height: 43px;\n--wpforms-field-size-input-spacing: 15px;\n--wpforms-field-size-font-size: 16px;\n--wpforms-field-size-line-height: 19px;\n--wpforms-field-size-padding-h: 14px;\n--wpforms-field-size-checkbox-size: 16px;\n--wpforms-field-size-sublabel-spacing: 5px;\n--wpforms-field-size-icon-size: 1;\n--wpforms-label-size-font-size: 16px;\n--wpforms-label-size-line-height: 19px;\n--wpforms-label-size-sublabel-font-size: 14px;\n--wpforms-label-size-sublabel-line-height: 17px;\n--wpforms-button-size-font-size: 17px;\n--wpforms-button-size-height: 41px;\n--wpforms-button-size-padding-h: 15px;\n--wpforms-button-size-margin-top: 10px;\n--wpforms-container-shadow-size-box-shadow: none;\n\n\t\t\t\t}\n\t\t\t<\/style><div class=\"wpforms-container wpforms-container-full wpforms-block wpforms-block-7b07a7a1-4744-40ed-921b-afa7292b9fc4 wpforms-render-modern\" id=\"wpforms-45\"><form id=\"wpforms-form-45\" class=\"wpforms-validate wpforms-form wpforms-ajax-form\" data-formid=\"45\" method=\"post\" enctype=\"multipart\/form-data\" action=\"\/index.php\/wp-json\/wp\/v2\/pages\/47\" data-token=\"112820c74c42912916e3325d9082f8e7\" data-token-time=\"1776224430\"><noscript class=\"wpforms-error-noscript\">Veuillez activer JavaScript dans votre navigateur pour remplir ce formulaire.<\/noscript><div class=\"wpforms-hidden\" id=\"wpforms-error-noscript\">Veuillez activer JavaScript dans votre navigateur pour remplir ce formulaire.<\/div><div class=\"wpforms-field-container\"><div id=\"wpforms-45-field_0-container\" class=\"wpforms-field wpforms-field-name\" data-field-id=\"0\"><fieldset><legend class=\"wpforms-field-label\">Nom <span class=\"wpforms-required-label\" aria-hidden=\"true\">*<\/span><\/legend><div class=\"wpforms-field-row wpforms-field-medium\"><div class=\"wpforms-field-row-block wpforms-first wpforms-one-half\"><input type=\"text\" id=\"wpforms-45-field_0\" class=\"wpforms-field-name-first wpforms-field-required\" name=\"wpforms[fields][0][first]\" aria-errormessage=\"wpforms-45-field_0-error\" required><label for=\"wpforms-45-field_0\" class=\"wpforms-field-sublabel after\">Pr\u00e9nom<\/label><\/div><div class=\"wpforms-field-row-block wpforms-one-half\"><input type=\"text\" id=\"wpforms-45-field_0-last\" class=\"wpforms-field-name-last wpforms-field-required\" name=\"wpforms[fields][0][last]\" aria-errormessage=\"wpforms-45-field_0-last-error\" required><label for=\"wpforms-45-field_0-last\" class=\"wpforms-field-sublabel after\">Nom<\/label><\/div><\/div><\/fieldset><\/div><div id=\"wpforms-45-field_1-container\" class=\"wpforms-field wpforms-field-email\" data-field-id=\"1\"><label class=\"wpforms-field-label\" for=\"wpforms-45-field_1\">E-mail <span class=\"wpforms-required-label\" aria-hidden=\"true\">*<\/span><\/label><input type=\"email\" id=\"wpforms-45-field_1\" class=\"wpforms-field-medium wpforms-field-required\" name=\"wpforms[fields][1]\" spellcheck=\"false\" aria-errormessage=\"wpforms-45-field_1-error\" required><\/div><div id=\"wpforms-45-field_5-container\" class=\"wpforms-field wpforms-field-text\" data-field-id=\"5\"><label class=\"wpforms-field-label\" for=\"wpforms-45-field_5\">T\u00e9l\u00e9phone<\/label><input type=\"text\" id=\"wpforms-45-field_5\" class=\"wpforms-field-small\" name=\"wpforms[fields][5]\" aria-errormessage=\"wpforms-45-field_5-error\" ><\/div><div id=\"wpforms-45-field_4-container\" class=\"wpforms-field wpforms-field-select wpforms-field-select-style-classic\" data-field-id=\"4\"><label class=\"wpforms-field-label\" for=\"wpforms-45-field_4\">Motif <span class=\"wpforms-required-label\" aria-hidden=\"true\">*<\/span><\/label><select id=\"wpforms-45-field_4\" class=\"wpforms-field-small wpforms-field-required\" name=\"wpforms[fields][4]\" required=\"required\"><option value=\"Prise de contact\" >Prise de contact<\/option><option value=\"Prise de rendez-vous\" >Prise de rendez-vous<\/option><option value=\"Autre\" >Autre<\/option><\/select><\/div><div id=\"wpforms-45-field_2-container\" class=\"wpforms-field wpforms-field-textarea\" data-field-id=\"2\"><label class=\"wpforms-field-label\" for=\"wpforms-45-field_2\">Informations sur votre demande<\/label><textarea id=\"wpforms-45-field_2\" class=\"wpforms-field-medium\" name=\"wpforms[fields][2]\" aria-errormessage=\"wpforms-45-field_2-error\" ><\/textarea><\/div><\/div><!-- .wpforms-field-container --><div class=\"wpforms-submit-container\" ><input type=\"hidden\" name=\"wpforms[id]\" value=\"45\"><input type=\"hidden\" name=\"page_title\" value=\"\"><input type=\"hidden\" name=\"page_url\" value=\"https:\/\/katiakussy.com\/index.php\/wp-json\/wp\/v2\/pages\/47\"><button type=\"submit\" name=\"wpforms[submit]\" id=\"wpforms-submit-45\" class=\"wpforms-submit\" data-alt-text=\"Envoi...\" data-submit-text=\"Envoyer\" aria-live=\"assertive\" value=\"wpforms-submit\">Envoyer<\/button><img loading=\"lazy\" decoding=\"async\" src=\"https:\/\/katiakussy.com\/wp-content\/plugins\/wpforms-lite\/assets\/images\/submit-spin.svg\" class=\"wpforms-submit-spinner\" style=\"display: none;\" width=\"26\" height=\"26\" alt=\"Chargement en cours\"><\/div><\/form><\/div>  <!-- .wpforms-container -->","protected":false},"excerpt":{"rendered":"<p>Adresse :Cabinet au 8 rue de Janicu69530 Brignais06.73.63.99.58 Horaires :Lundi : 14h-18hMardi : 10h-18hJeudi : 10h-18hVendredi : 10h-18h Flexibilit\u00e9 des horaires pour les consultations en ligne N&rsquo;h\u00e9sitez pas \u00e0 m&rsquo;\u00e9crire pour me pr\u00e9senter votre situation et votre attente, je prendrai rapidement contact avec vous. Katia Kussy<\/p>\n","protected":false},"author":1,"featured_media":0,"parent":0,"menu_order":0,"comment_status":"closed","ping_status":"closed","template":"","meta":{"footnotes":""},"class_list":["post-47","page","type-page","status-publish","hentry"],"yoast_head":"<!-- This site is optimized with the Yoast SEO Premium plugin v24.0 (Yoast SEO v24.0) - https:\/\/yoast.com\/wordpress\/plugins\/seo\/ -->\n<title>Contact - Katia Kussy<\/title>\n<meta name=\"description\" content=\"Katia Kussy - Contact\" \/>\n<meta name=\"robots\" content=\"index, follow, max-snippet:-1, max-image-preview:large, max-video-preview:-1\" \/>\n<link rel=\"canonical\" href=\"https:\/\/katiakussy.com\/index.php\/contact\/\" \/>\n<meta property=\"og:locale\" content=\"fr_FR\" \/>\n<meta property=\"og:type\" content=\"article\" \/>\n<meta property=\"og:title\" content=\"Katia Kussy Contact\" \/>\n<meta property=\"og:url\" content=\"https:\/\/katiakussy.com\/index.php\/contact\/\" \/>\n<meta property=\"og:site_name\" content=\"Katia Kussy\" \/>\n<meta property=\"article:modified_time\" content=\"2024-12-09T14:16:16+00:00\" \/>\n<meta property=\"og:image\" content=\"http:\/\/katiakussy.com\/wp-content\/uploads\/2023\/11\/Portrait_IA_scale_1.png\" \/>\n\t<meta property=\"og:image:width\" content=\"1403\" \/>\n\t<meta property=\"og:image:height\" content=\"1920\" \/>\n\t<meta property=\"og:image:type\" content=\"image\/png\" \/>\n<meta name=\"twitter:card\" content=\"summary_large_image\" \/>\n<meta name=\"twitter:title\" content=\"Contact\" \/>\n<meta name=\"twitter:label1\" content=\"Dur\u00e9e de lecture estim\u00e9e\" \/>\n\t<meta name=\"twitter:data1\" content=\"1 minute\" \/>\n<script type=\"application\/ld+json\" class=\"yoast-schema-graph\">{\"@context\":\"https:\/\/schema.org\",\"@graph\":[{\"@type\":[\"WebPage\",\"ContactPage\"],\"@id\":\"https:\/\/katiakussy.com\/index.php\/contact\/\",\"url\":\"https:\/\/katiakussy.com\/index.php\/contact\/\",\"name\":\"Contact - Katia Kussy\",\"isPartOf\":{\"@id\":\"https:\/\/katiakussy.com\/#website\"},\"datePublished\":\"2023-11-18T15:52:33+00:00\",\"dateModified\":\"2024-12-09T14:16:16+00:00\",\"description\":\"Katia Kussy - Contact\",\"breadcrumb\":{\"@id\":\"https:\/\/katiakussy.com\/index.php\/contact\/#breadcrumb\"},\"inLanguage\":\"fr-FR\",\"potentialAction\":[{\"@type\":\"ReadAction\",\"target\":[\"https:\/\/katiakussy.com\/index.php\/contact\/\"]}]},{\"@type\":\"BreadcrumbList\",\"@id\":\"https:\/\/katiakussy.com\/index.php\/contact\/#breadcrumb\",\"itemListElement\":[{\"@type\":\"ListItem\",\"position\":1,\"name\":\"Accueil\",\"item\":\"https:\/\/katiakussy.com\/\"},{\"@type\":\"ListItem\",\"position\":2,\"name\":\"Contact\"}]},{\"@type\":\"WebSite\",\"@id\":\"https:\/\/katiakussy.com\/#website\",\"url\":\"https:\/\/katiakussy.com\/\",\"name\":\"katiakussy\",\"description\":\"Katia Kussy praticienne en Psychoth\u00e9rapie \u00e0 Brignais\",\"publisher\":{\"@id\":\"https:\/\/katiakussy.com\/#\/schema\/person\/ae776c7d6c631ce286aff7b28439c3ed\"},\"alternateName\":\"Praticienne en Psychoth\u00e9rapie \u00e0 Brignais\",\"potentialAction\":[{\"@type\":\"SearchAction\",\"target\":{\"@type\":\"EntryPoint\",\"urlTemplate\":\"https:\/\/katiakussy.com\/?s={search_term_string}\"},\"query-input\":{\"@type\":\"PropertyValueSpecification\",\"valueRequired\":true,\"valueName\":\"search_term_string\"}}],\"inLanguage\":\"fr-FR\"},{\"@type\":[\"Person\",\"Organization\"],\"@id\":\"https:\/\/katiakussy.com\/#\/schema\/person\/ae776c7d6c631ce286aff7b28439c3ed\",\"name\":\"Katia Kussy\",\"image\":{\"@type\":\"ImageObject\",\"inLanguage\":\"fr-FR\",\"@id\":\"https:\/\/katiakussy.com\/#\/schema\/person\/image\/\",\"url\":\"https:\/\/katiakussy.com\/wp-content\/uploads\/2023\/12\/Capture.jpg\",\"contentUrl\":\"https:\/\/katiakussy.com\/wp-content\/uploads\/2023\/12\/Capture.jpg\",\"width\":377,\"height\":380,\"caption\":\"Katia Kussy\"},\"logo\":{\"@id\":\"https:\/\/katiakussy.com\/#\/schema\/person\/image\/\"},\"sameAs\":[\"katiakussypsychopraticienne\"],\"publishingPrinciples\":\"https:\/\/katiakussy.com\/\"}]}<\/script>\n<!-- \/ Yoast SEO Premium plugin. -->","yoast_head_json":{"title":"Contact - Katia Kussy","description":"Katia Kussy - Contact","robots":{"index":"index","follow":"follow","max-snippet":"max-snippet:-1","max-image-preview":"max-image-preview:large","max-video-preview":"max-video-preview:-1"},"canonical":"https:\/\/katiakussy.com\/index.php\/contact\/","og_locale":"fr_FR","og_type":"article","og_title":"Katia Kussy Contact","og_url":"https:\/\/katiakussy.com\/index.php\/contact\/","og_site_name":"Katia Kussy","article_modified_time":"2024-12-09T14:16:16+00:00","og_image":[{"width":1403,"height":1920,"url":"http:\/\/katiakussy.com\/wp-content\/uploads\/2023\/11\/Portrait_IA_scale_1.png","type":"image\/png"}],"twitter_card":"summary_large_image","twitter_title":"Contact","twitter_misc":{"Dur\u00e9e de lecture estim\u00e9e":"1 minute"},"schema":{"@context":"https:\/\/schema.org","@graph":[{"@type":["WebPage","ContactPage"],"@id":"https:\/\/katiakussy.com\/index.php\/contact\/","url":"https:\/\/katiakussy.com\/index.php\/contact\/","name":"Contact - Katia Kussy","isPartOf":{"@id":"https:\/\/katiakussy.com\/#website"},"datePublished":"2023-11-18T15:52:33+00:00","dateModified":"2024-12-09T14:16:16+00:00","description":"Katia Kussy - Contact","breadcrumb":{"@id":"https:\/\/katiakussy.com\/index.php\/contact\/#breadcrumb"},"inLanguage":"fr-FR","potentialAction":[{"@type":"ReadAction","target":["https:\/\/katiakussy.com\/index.php\/contact\/"]}]},{"@type":"BreadcrumbList","@id":"https:\/\/katiakussy.com\/index.php\/contact\/#breadcrumb","itemListElement":[{"@type":"ListItem","position":1,"name":"Accueil","item":"https:\/\/katiakussy.com\/"},{"@type":"ListItem","position":2,"name":"Contact"}]},{"@type":"WebSite","@id":"https:\/\/katiakussy.com\/#website","url":"https:\/\/katiakussy.com\/","name":"katiakussy","description":"Katia Kussy praticienne en Psychoth\u00e9rapie \u00e0 Brignais","publisher":{"@id":"https:\/\/katiakussy.com\/#\/schema\/person\/ae776c7d6c631ce286aff7b28439c3ed"},"alternateName":"Praticienne en Psychoth\u00e9rapie \u00e0 Brignais","potentialAction":[{"@type":"SearchAction","target":{"@type":"EntryPoint","urlTemplate":"https:\/\/katiakussy.com\/?s={search_term_string}"},"query-input":{"@type":"PropertyValueSpecification","valueRequired":true,"valueName":"search_term_string"}}],"inLanguage":"fr-FR"},{"@type":["Person","Organization"],"@id":"https:\/\/katiakussy.com\/#\/schema\/person\/ae776c7d6c631ce286aff7b28439c3ed","name":"Katia Kussy","image":{"@type":"ImageObject","inLanguage":"fr-FR","@id":"https:\/\/katiakussy.com\/#\/schema\/person\/image\/","url":"https:\/\/katiakussy.com\/wp-content\/uploads\/2023\/12\/Capture.jpg","contentUrl":"https:\/\/katiakussy.com\/wp-content\/uploads\/2023\/12\/Capture.jpg","width":377,"height":380,"caption":"Katia Kussy"},"logo":{"@id":"https:\/\/katiakussy.com\/#\/schema\/person\/image\/"},"sameAs":["katiakussypsychopraticienne"],"publishingPrinciples":"https:\/\/katiakussy.com\/"}]}},"_links":{"self":[{"href":"https:\/\/katiakussy.com\/index.php\/wp-json\/wp\/v2\/pages\/47","targetHints":{"allow":["GET"]}}],"collection":[{"href":"https:\/\/katiakussy.com\/index.php\/wp-json\/wp\/v2\/pages"}],"about":[{"href":"https:\/\/katiakussy.com\/index.php\/wp-json\/wp\/v2\/types\/page"}],"author":[{"embeddable":true,"href":"https:\/\/katiakussy.com\/index.php\/wp-json\/wp\/v2\/users\/1"}],"replies":[{"embeddable":true,"href":"https:\/\/katiakussy.com\/index.php\/wp-json\/wp\/v2\/comments?post=47"}],"version-history":[{"count":4,"href":"https:\/\/katiakussy.com\/index.php\/wp-json\/wp\/v2\/pages\/47\/revisions"}],"predecessor-version":[{"id":138,"href":"https:\/\/katiakussy.com\/index.php\/wp-json\/wp\/v2\/pages\/47\/revisions\/138"}],"wp:attachment":[{"href":"https:\/\/katiakussy.com\/index.php\/wp-json\/wp\/v2\/media?parent=47"}],"curies":[{"name":"wp","href":"https:\/\/api.w.org\/{rel}","templated":true}]}}